{"id":3641,"date":"2025-07-03T08:58:38","date_gmt":"2025-07-03T06:58:38","guid":{"rendered":"https:\/\/petanque-crbretagne.com\/?page_id=3641"},"modified":"2025-11-09T11:13:44","modified_gmt":"2025-11-09T10:13:44","slug":"formation","status":"publish","type":"page","link":"https:\/\/petanque-crbretagne.com\/index.php\/formation\/","title":{"rendered":"FORMATION"},"content":{"rendered":"<div class=\"wp-block-image\">\n<figure class=\"aligncenter size-full is-resized\"><img loading=\"lazy\" decoding=\"async\" width=\"994\" height=\"744\" src=\"https:\/\/petanque-crbretagne.com\/wp-content\/uploads\/2025\/07\/Plan_de_formation.jpg\" alt=\"\" class=\"wp-image-3642\" style=\"width:788px;height:auto\" srcset=\"https:\/\/petanque-crbretagne.com\/wp-content\/uploads\/2025\/07\/Plan_de_formation.jpg 994w, https:\/\/petanque-crbretagne.com\/wp-content\/uploads\/2025\/07\/Plan_de_formation-300x225.jpg 300w, https:\/\/petanque-crbretagne.com\/wp-content\/uploads\/2025\/07\/Plan_de_formation-768x575.jpg 768w\" sizes=\"auto, (max-width: 994px) 100vw, 994px\" \/><\/figure>\n<\/div>\n\n<h4><strong>Nouveaut\u00e9s 2025-2026:<\/strong><\/h4>\n\n\n<div class=\"wp-block-columns is-layout-flex wp-container-core-columns-is-layout-9d6595d7 wp-block-columns-is-layout-flex\">\n<div class=\"wp-block-column is-layout-flow wp-block-column-is-layout-flow\">\n<div class=\"wp-block-columns is-layout-flex wp-container-core-columns-is-layout-9d6595d7 wp-block-columns-is-layout-flex\">\n<div class=\"wp-block-column is-layout-flow wp-block-column-is-layout-flow\">\n<table>\n<tbody>\n<tr>\n<td style=\"width: 33%; border: 2px solid #000000; text-align: left;\">\n<p><span style=\"color: #ff0000;\"><strong>Socle Commun: module de formation Vie f\u00e9d\u00e9rale \u2013 Vie citoyenne<\/strong><\/span><br \/><strong>Le tronc commun est abrog\u00e9<\/strong>, il est remplac\u00e9 par le <strong>module de formation Vie f\u00e9d\u00e9rale &#8211; Vie citoyenne<\/strong> de 2h, qui sera propos\u00e9 en distanciel, par le centre national de formation, d\u00e8s le mois d\u2019octobre. Ce module est \u00e0 destination de tous les candidats aux fili\u00e8res de formation (arbitre, \u00e9ducateurs, gestionnaire de table de marque et d\u00e9l\u00e9gu\u00e9 &#8211; pr\u00e9sident de jury), mais \u00e9galement \u00e0 destination des administrateurs (pr\u00e9sident, secr\u00e9taire, tr\u00e9sorier) des structures f\u00e9d\u00e9rales (clubs, comit\u00e9s d\u00e9partementaux et r\u00e9gionaux). <br \/>Il est rendu obligatoire dans le cadre de l\u2019honorabilit\u00e9 touchant les \u00e9lus et officiels f\u00e9d\u00e9raux.<\/p>\n<center><b><a href=\"https:\/\/petanque-crbretagne.com\/wp-content\/uploads\/2025\/10\/2_PLAN_DE_FORMATION_MODULE_VIE_FEDERALE-VIE_CITOYENNE_-_2025.pdf\"><button><b>Plan de formation<\/b><\/button><\/a> <a href=\"https:\/\/forms.gle\/MFWVgQEE66bk9xWU6\"><button><b>Formulaire d&rsquo;inscription<\/b><\/button><\/a><\/b><\/center><\/td>\n<\/tr>\n<\/tbody>\n<\/table>\n<\/div>\n<\/div>\n<\/div>\n<\/div>\n\n\n\n<div class=\"wp-block-columns is-layout-flex wp-container-core-columns-is-layout-9d6595d7 wp-block-columns-is-layout-flex\">\n<div class=\"wp-block-column is-layout-flow wp-block-column-is-layout-flow\">\n<table>\n<tbody>\n<tr>\n<td style=\"width: 33%; border: 2px solid #000000; text-align: center;\">\n<p style=\"text-align: left;\"><span style=\"color: #0000ff;\"><strong>Fili\u00e8re \u00e9ducateur:<\/strong><\/span><br \/>Le module initiateur est remis en place afin de proposer un cursus plus complet \u00e0 nos encadrants. <br \/>Ce module permettra d\u2019am\u00e9liorer la formation initiale de nos futurs \u00e9ducateurs.<br \/>Les contenus de formation ont \u00e9t\u00e9 revus et r\u00e9actualis\u00e9s par la direction technique nationale pour \u00eatre plus en concordance avec les besoins du terrain.<\/p>\n<p><a href=\"https:\/\/petanque-crbretagne.com\/index.php\/formation-federale-filiere-educateur\/\"><strong><button>Renseignements<\/button><\/strong><\/a><\/p>\n<\/td>\n<\/tr>\n<\/tbody>\n<\/table>\n<\/div>\n\n\n\n<div class=\"wp-block-column is-layout-flow wp-block-column-is-layout-flow\">\n<table>\n<tr>\n<td style=\"width: 33%; border: 2px solid #000000; text-align: center;\">\n<p style=\"text-align: left;\"><span style=\"color: #008000;\"><strong>Fili\u00e8re arbitrage:<\/strong><\/span><br \/>La p\u00e9riode de formation de l\u2019arbitre d\u00e9partemental et de l\u2019arbitre r\u00e9gional sera d\u00e9sormais du 1 novembre au deuxi\u00e8me week-end complet de janvier.<br \/>Tous les examens th\u00e9oriques d\u2019arbitre (grade d\u00e9partemental, r\u00e9gional et national) se d\u00e9rouleront sur la m\u00eame date, \u00e0 savoir le troisi\u00e8me week-end complet de janvier \u00e0 9h (Donc pour 2026 le 18 janvier 2026)<\/p>\n<p><a href=\"https:\/\/petanque-crbretagne.com\/index.php\/formation-filiere-arbitrage\/\"><strong><button>Renseignements<\/button><\/strong><\/a><\/p>\n<\/td>\n<\/tr>\n<\/table>\n<\/div>\n\n\n\n<div class=\"wp-block-column is-layout-flow wp-block-column-is-layout-flow\">\n<table>\n<tr>\n<td style=\"width: 33%; border: 2px solid #000000; text-align: center;\">\n<p style=\"text-align: left;\"><span style=\"color: #800000;\"><strong>Fili\u00e8re officiels:<\/strong><\/span><br \/>Le centre national de formation est seul habilit\u00e9 \u00e0 agr\u00e9er les formations de <em><strong>gestionnaire de table de marque<\/strong><\/em> et de <em><strong>d\u00e9l\u00e9gu\u00e9-pr\u00e9sident de jury<\/strong><\/em>. <br \/>Le non respect de l\u2019habilitation et des proc\u00e9dures f\u00e9d\u00e9rales rendra caduque la formation concern\u00e9e. <br \/>Le contenu de formation doit \u00eatre d\u00e9livr\u00e9 par un formateur agr\u00e9\u00e9 pour cette fili\u00e8re.<\/p>\n<p><a href=\"https:\/\/petanque-crbretagne.com\/index.php\/formation-filiere-officiels\/\"><strong><button>Renseignements<\/button><\/strong><\/a><\/p>\n<\/td>\n<\/tr>\n<\/table>\n<\/div>\n<\/div>\n\n\n\n<p><strong><em>Nous vous incitons \u00e0 passer d&rsquo;ores et d\u00e9j\u00e0 le PSC1.<\/em><\/strong><\/p>\n","protected":false},"excerpt":{"rendered":"<p>Nouveaut\u00e9s 2025-2026: Socle Commun: module de formation Vie f\u00e9d\u00e9rale \u2013 Vie citoyenneLe tronc commun est abrog\u00e9, il est remplac\u00e9 par<\/p>\n","protected":false},"author":2,"featured_media":0,"parent":0,"menu_order":0,"comment_status":"closed","ping_status":"closed","template":"","meta":{"footnotes":""},"class_list":["post-3641","page","type-page","status-publish","hentry"],"_links":{"self":[{"href":"https:\/\/petanque-crbretagne.com\/index.php\/wp-json\/wp\/v2\/pages\/3641","targetHints":{"allow":["GET"]}}],"collection":[{"href":"https:\/\/petanque-crbretagne.com\/index.php\/wp-json\/wp\/v2\/pages"}],"about":[{"href":"https:\/\/petanque-crbretagne.com\/index.php\/wp-json\/wp\/v2\/types\/page"}],"author":[{"embeddable":true,"href":"https:\/\/petanque-crbretagne.com\/index.php\/wp-json\/wp\/v2\/users\/2"}],"replies":[{"embeddable":true,"href":"https:\/\/petanque-crbretagne.com\/index.php\/wp-json\/wp\/v2\/comments?post=3641"}],"version-history":[{"count":37,"href":"https:\/\/petanque-crbretagne.com\/index.php\/wp-json\/wp\/v2\/pages\/3641\/revisions"}],"predecessor-version":[{"id":4489,"href":"https:\/\/petanque-crbretagne.com\/index.php\/wp-json\/wp\/v2\/pages\/3641\/revisions\/4489"}],"wp:attachment":[{"href":"https:\/\/petanque-crbretagne.com\/index.php\/wp-json\/wp\/v2\/media?parent=3641"}],"curies":[{"name":"wp","href":"https:\/\/api.w.org\/{rel}","templated":true}]}}