{"id":3700,"date":"2025-07-22T08:54:21","date_gmt":"2025-07-22T06:54:21","guid":{"rendered":"https:\/\/petanque-crbretagne.com\/?page_id=3700"},"modified":"2026-02-09T15:54:16","modified_gmt":"2026-02-09T14:54:16","slug":"formation-federale-filiere-educateur","status":"publish","type":"page","link":"https:\/\/petanque-crbretagne.com\/index.php\/formation-federale-filiere-educateur\/","title":{"rendered":"Formation f\u00e9d\u00e9rale fili\u00e8re \u00e9ducateur"},"content":{"rendered":"<h3><em><strong><span style=\"color: #0000ff;\">ARCHITECTURE<\/span><\/strong><\/em><\/h3>\n<table>\n<tbody>\n<tr>\n<td><img loading=\"lazy\" decoding=\"async\" class=\"size-full wp-image-3704 vertical-align: middle\" src=\"https:\/\/petanque-crbretagne.com\/wp-content\/uploads\/2025\/07\/Module_Vie_F_C.png\" alt=\"\" width=\"175\" height=\"113\" \/><\/td>\n<td><img loading=\"lazy\" decoding=\"async\" class=\"alignnone size-full wp-image-3720\" src=\"https:\/\/petanque-crbretagne.com\/wp-content\/uploads\/2025\/07\/Fleche-droite-bleue.png\" alt=\"\" width=\"50\" height=\"112\" \/><\/td>\n<td><a href=\"#Init\"><img loading=\"lazy\" decoding=\"async\" class=\"wp-image-3705 vertical-align: middle\" src=\"https:\/\/petanque-crbretagne.com\/wp-content\/uploads\/2025\/07\/Brevet_initiateur.png\" alt=\"\" width=\"142\" height=\"89\" \/><\/a><\/td>\n<td><img loading=\"lazy\" decoding=\"async\" class=\"wp-image-3701 vertical-align: middle\" src=\"https:\/\/petanque-crbretagne.com\/wp-content\/uploads\/2025\/07\/Fleche-droite-bleue.png\" alt=\"\" width=\"50\" height=\"50\" \/><\/td>\n<td><a href=\"#BF1\"><img loading=\"lazy\" decoding=\"async\" class=\"size-full wp-image-3706 vertical-align: middle\" src=\"https:\/\/petanque-crbretagne.com\/wp-content\/uploads\/2025\/07\/Brevet_BF1.png\" alt=\"\" width=\"134\" height=\"85\" \/><\/a><\/td>\n<td><img loading=\"lazy\" decoding=\"async\" class=\"wp-image-3701 vertical-align: middle\" src=\"https:\/\/petanque-crbretagne.com\/wp-content\/uploads\/2025\/07\/Fleche-droite-bleue.png\" alt=\"\" width=\"50\" height=\"50\" \/><\/td>\n<td><a href=\"#BF2\"><img loading=\"lazy\" decoding=\"async\" class=\"size-full wp-image-3707 vertical-align: middle\" src=\"https:\/\/petanque-crbretagne.com\/wp-content\/uploads\/2025\/07\/Brevet_BF2.png\" alt=\"\" width=\"136\" height=\"85\" \/><\/a><\/td>\n<td><img loading=\"lazy\" decoding=\"async\" class=\"wp-image-3701 vertical-align: middle\" src=\"https:\/\/petanque-crbretagne.com\/wp-content\/uploads\/2025\/07\/Fleche-droite-bleue.png\" alt=\"\" width=\"50\" height=\"50\" \/><\/td>\n<td><a href=\"#BF3\"><img loading=\"lazy\" decoding=\"async\" class=\"size-full wp-image-3708 vertical-align: middle\" src=\"https:\/\/petanque-crbretagne.com\/wp-content\/uploads\/2025\/07\/Brevet_BF3.png\" alt=\"\" width=\"137\" height=\"85\" \/><\/a><\/td>\n<\/tr>\n<\/tbody>\n<\/table>\n<hr style=\"height: 12px; color: #3498db; width: 100%; background-color: #3498db;\" \/>\n<p><a name=\"Init\"><\/a><\/p>\n<h3><em><strong><span style=\"color: #0000ff;\">BREVET D&rsquo;INITIATEUR<br \/>\n<\/span><\/strong><\/em><\/h3>\n<h5>Cette formation est ouverte \u00e0 tous les licenci\u00e9s, de plus de 16 ans, d\u00e9sireux de participer \u00e0 la vie d\u2019un club, d\u2019une \u00e9cole de p\u00e9tanque.<\/h5>\n<p>Cette formation permet de d\u00e9velopper les comp\u00e9tences suivantes :<\/p>\n<ul>\n<li>Mener et animer des s\u00e9ances d&rsquo;initiation, d\u00e9couverte de la p\u00e9tanque<\/li>\n<li>Transmettre, apporter les bases techniques de l\u2019activit\u00e9<\/li>\n<li>Agir, intervenir en toute s\u00e9curit\u00e9<\/li>\n<li>Agir en personne responsable dans le respect des r\u00e8gles du jeu et du fair-play<\/li>\n<li>Intervenir avec p\u00e9dagogie<\/li>\n<\/ul>\n<p><em>Les <strong>\u00e9quipes techniques d\u00e9partementales<\/strong> mettent en place de nouvelles sessions de <strong>formation d\u2019initiateur<\/strong> pour l\u2019ann\u00e9e 2025.<br \/>\n<strong>Ces sessions sont ouvertes aux candidats en formation initiale et en recyclage.<\/strong><\/em><\/p>\n<p>La liste des diff\u00e9rentes sessions de formation :<\/p>\n<ul>\n<li>Saint Julien (22) le 08\/11\/2025<\/li>\n<li>Plougastel (29) le 09\/11\/2025<\/li>\n<li>Caudan (56) le 23\/11\/2025<\/li>\n<li>Romill\u00e9 (35) le 15\/11\/2025<\/li>\n<\/ul>\n<p>Pour s\u2019inscrire :<br \/>\nCompl\u00e9ter le formulaire d\u2019inscription en pi\u00e8ce jointe et le renvoyer avec les pi\u00e8ces justificatives par courrier \u00e0 l\u2019adresse suivante :<\/p>\n<p style=\"text-align: left;\"><em><strong>GOURLAY Thomas, 1 Lann Vihan Keriot, 29300 GUILLIGOMARC\u2019H<\/strong><\/em><\/p>\n<p><span style=\"color: #ff0000;\"><strong>Tout dossier incomplet se verra refuser l\u2019entr\u00e9e en formation<\/strong><\/span><br \/>\n<strong><em>Date limite d\u2019inscription 15 jours avant la formation.<\/em><\/strong><\/p>\n<p><center><b><a href=\"https:\/\/petanque-crbretagne.com\/wp-content\/uploads\/2025\/07\/2-PLAN-DE-FORMATION-BREVET-INITIATEUR-v27062025.pdf\"><button><b>Plan de formation<\/b><\/button><\/a> <a href=\"https:\/\/petanque-crbretagne.com\/wp-content\/uploads\/2025\/09\/FORMULAIRE-INSCRIPTION-BREVET-INITIATEUR-v27062025.pdf\"><button><b>Formulaire d&rsquo;inscription<\/b><\/button><\/a><\/b><\/center><\/p>\n<hr style=\"height: 12px; color: #3498db; width: 100%; background-color: #3498db;\" \/>\n<p><a name=\"BF1\"><\/a><\/p>\n<h3><em><strong><span style=\"color: #0000ff;\">BREVET F\u00c9D\u00c9RAL 1er DEGR\u00c9<\/span><\/strong><\/em><\/h3>\n<p>L\u2019\u00e9quipe technique r\u00e9gionale met en place une nouvelle session de formation au <strong>brevet f\u00e9d\u00e9ral premier degr\u00e9<\/strong> pour l\u2019ann\u00e9e 2025.<br \/>\n<strong>Cette session est ouverte aux candidats en formation initiale et en recyclage.<\/strong><br \/>\nPour rappel le dipl\u00f4me BF1 est obligatoire pour encadrer une \u00e9quipe aux championnats de France jeunes ainsi qu\u2019au championnat national des clubs jeunes.<br \/>\nUn dipl\u00f4me BF1 est \u00e9galement requis pour \u00eatre responsable d\u2019une \u00e9cole de p\u00e9tanque.<\/p>\n<p>La liste des diff\u00e9rentes sessions de formation :<\/p>\n<ul>\n<li>Romill\u00e9 (35) les 17 et 18\/01\/2026<\/li>\n<li>Lesneven (29) les 24 et 25\/01\/2026<\/li>\n<\/ul>\n<p>Cette formation permet de d\u00e9velopper les comp\u00e9tences suivantes :<\/p>\n<ul>\n<li>\u00catre capable de proposer une pratique en toute s\u00e9curit\u00e9 du pratiquant, respectant les r\u00e8gles du jeu et du fair-play<\/li>\n<li>\u00catre capable de maitriser les principaux \u00e9l\u00e9ments de r\u00e8glements et les organisations comp\u00e9titives<\/li>\n<li>\u00catre capable de concevoir, encadrer et \u00e9valuer des s\u00e9ances<\/li>\n<li>\u00catre capable de maitriser la strat\u00e9gie de jeu afin de proposer un accompagnement tactique a son joueur ou son \u00e9quipe<\/li>\n<\/ul>\n<p>Les sessions d\u2019examen seront \u00e9galement propos\u00e9es 2 semaines apr\u00e8s la formation.<\/p>\n<p style=\"text-align: left;\">Pour s\u2019inscrire :<br \/>\nCompl\u00e9ter le formulaire d\u2019inscription en pi\u00e8ce jointe et le renvoyer avec les pi\u00e8ces justificatives par courrier \u00e0 l\u2019adresse suivante :<\/p>\n<p style=\"text-align: left;\"><strong><em>GOURLAY Thomas, 1 Lann Vihan Keriot, 29300 GUILLIGOMARC\u2019H<\/em><\/strong><\/p>\n<p style=\"text-align: left;\"><span style=\"color: #ff0000;\"><strong>Tout dossier incomplet se verra refuser l\u2019entr\u00e9e en formation<\/strong><\/span><br \/>\n<strong><em>Date limite d\u2019inscription 15 jours avant la formation.<\/em><\/strong><\/p>\n<p><center><b><a href=\"https:\/\/petanque-crbretagne.com\/wp-content\/uploads\/2025\/07\/2-PLAN-DE-FORMATION-BREVET-FEDERAL-1\u00b0-DEGRE-2025-v27062025.pdf\"><button><b>Plan de formation<\/b><\/button><\/a> <b><a href=\"https:\/\/petanque-crbretagne.com\/wp-content\/uploads\/2026\/01\/2026-inscription_bf1.pdf\"><button><b>Formulaire d&rsquo;inscription<\/b><\/button><\/a><\/b><\/b><\/center><\/p>\n<hr style=\"height: 12px; color: #3498db; width: 100%; background-color: #3498db;\" \/>\n<p><a name=\"BF2\"><\/a><\/p>\n<h3><em><strong><span style=\"color: #0000ff;\">BREVET F\u00c9D\u00c9RAL 2\u00e8me DEGR\u00c9<\/span><\/strong><\/em><\/h3>\n<p>Le <strong>Centre National de Formation de la FFPJP<\/strong> met en place de nouvelles sessions de formation au <strong>Brevet F\u00e9d\u00e9ral 2\u00b0 degr\u00e9<\/strong> pour l\u2019ann\u00e9e 2025.<\/p>\n<p>Ces sessions sont ouvertes aux candidats en formation initiale et en recyclage<\/p>\n<p>Cette formation permet de d\u00e9velopper les comp\u00e9tences suivantes :<\/p>\n<ul>\n<li>Connaitre et maitriser les strat\u00e9gies en p\u00e9tanque sportive<\/li>\n<li>Evaluer les joueurs et leurs performances<\/li>\n<li>Construire, mener et organiser un ensemble de s\u00e9ances d\u2019entrainement<\/li>\n<li>Manager, coacher une ou des \u00e9quipes en comp\u00e9tition<\/li>\n<\/ul>\n<p>La formation vous est propos\u00e9e cette ann\u00e9e sur 4 sites :<\/p>\n<ul>\n<li><b><span class=\"\">BESAN\u00c7ON\u00a0<\/span><\/b><span class=\"\">(Doubs, r\u00e9gion Bourgogne Franche-Comt\u00e9) :\u00a0<\/span><b><span class=\"\">25-26-27 septembre 2026<\/span><\/b><\/li>\n<li><b><span class=\"\">LE THOR\u00a0<\/span><\/b><span class=\"\">(Vaucluse, r\u00e9gion Sud-PACA) :\u00a0<\/span><b><span class=\"\">9-10-11 octobre 2026<\/span><\/b><\/li>\n<li><b><span class=\"\">SAINT-YRIEIX-SUR-CHARENTE\u00a0<\/span><\/b><span class=\"\">(Charente, r\u00e9gion Nouvelle Aquitaine) :<\/span><b><span class=\"\">\u00a02-3-4 octobre 2026<\/span><\/b><\/li>\n<li><span style=\"color: #ff0000;\"><b><span class=\"\">PONTIVY<\/span><\/b><\/span><span class=\"\"><span style=\"color: #ff0000;\">\u00a0<\/span>(Morbihan, r\u00e9gion Bretagne) :\u00a0<\/span><b><span class=\"\">25-26-27 septembre 2026<\/span><\/b><\/li>\n<\/ul>\n<p><center><b><a href=\"https:\/\/petanque-crbretagne.com\/wp-content\/uploads\/2026\/02\/PLAN-DE-FORMATION-BREVET-FEDERAL-2-DEGRE-2026.pdf\"><button><b>Plan de formation<\/b><\/button><\/a> <a href=\"https:\/\/petanque-crbretagne.com\/wp-content\/uploads\/2026\/02\/FORMULAIRE-INSCRIPTION-BREVET-FEDERAL-2-2026.pdf\"><button><b>Formulaire d&rsquo;inscription<\/b><\/button><\/a><\/b><\/center><\/p>\n<hr style=\"height: 12px; color: #3498db; width: 100%; background-color: #3498db;\" \/>\n<p><a name=\"BF3\"><\/a><\/p>\n<h3><em><strong><span style=\"color: #0000ff;\">BREVET F\u00c9D\u00c9RAL 3\u00e8me DEGR\u00c9<\/span><\/strong><\/em><\/h3>\n<h4><span style=\"color: #ff0000;\"><em><strong>En construction<\/strong><\/em><\/span><\/h4>\n","protected":false},"excerpt":{"rendered":"<p>ARCHITECTURE BREVET D&rsquo;INITIATEUR Cette formation est ouverte \u00e0 tous les licenci\u00e9s, de plus de 16 ans, d\u00e9sireux de participer \u00e0<\/p>\n","protected":false},"author":2,"featured_media":0,"parent":0,"menu_order":0,"comment_status":"closed","ping_status":"closed","template":"","meta":{"footnotes":""},"class_list":["post-3700","page","type-page","status-publish","hentry"],"_links":{"self":[{"href":"https:\/\/petanque-crbretagne.com\/index.php\/wp-json\/wp\/v2\/pages\/3700","targetHints":{"allow":["GET"]}}],"collection":[{"href":"https:\/\/petanque-crbretagne.com\/index.php\/wp-json\/wp\/v2\/pages"}],"about":[{"href":"https:\/\/petanque-crbretagne.com\/index.php\/wp-json\/wp\/v2\/types\/page"}],"author":[{"embeddable":true,"href":"https:\/\/petanque-crbretagne.com\/index.php\/wp-json\/wp\/v2\/users\/2"}],"replies":[{"embeddable":true,"href":"https:\/\/petanque-crbretagne.com\/index.php\/wp-json\/wp\/v2\/comments?post=3700"}],"version-history":[{"count":59,"href":"https:\/\/petanque-crbretagne.com\/index.php\/wp-json\/wp\/v2\/pages\/3700\/revisions"}],"predecessor-version":[{"id":4887,"href":"https:\/\/petanque-crbretagne.com\/index.php\/wp-json\/wp\/v2\/pages\/3700\/revisions\/4887"}],"wp:attachment":[{"href":"https:\/\/petanque-crbretagne.com\/index.php\/wp-json\/wp\/v2\/media?parent=3700"}],"curies":[{"name":"wp","href":"https:\/\/api.w.org\/{rel}","templated":true}]}}