{"id":3801,"date":"2025-07-24T09:44:33","date_gmt":"2025-07-24T07:44:33","guid":{"rendered":"https:\/\/petanque-crbretagne.com\/?page_id=3801"},"modified":"2025-09-22T09:50:41","modified_gmt":"2025-09-22T07:50:41","slug":"formation-filiere-officiels","status":"publish","type":"page","link":"https:\/\/petanque-crbretagne.com\/index.php\/formation-filiere-officiels\/","title":{"rendered":"Formation Fili\u00e8re Officiels"},"content":{"rendered":"<p>L\u2019<strong>\u00e9quipe technique r\u00e9gionale<\/strong> met en place une nouvelle session de formation d\u00e9l\u00e9gu\u00e9 et gestionnaire de table de marque pour l\u2019ann\u00e9e 2025.<br \/><strong>Cette session est ouverte aux candidats en formation initiale.<\/strong><\/p>\n<p>La liste des diff\u00e9rentes sessions de formation :<\/p>\n<ul>\n<li>Gestionnaire de table de marque les 24 et 25\/01\/2026 \u00e0 Pontivy<\/li>\n<li>D\u00e9l\u00e9gu\u00e9 le 25\/01\/2026 \u00e0 Pontivy (apr\u00e8s formation GTM)<\/li>\n<\/ul>\n<p>Pour s\u2019inscrire :<br \/>Compl\u00e9ter le formulaire d\u2019inscription en pi\u00e8ce jointe et le renvoyer avec les pi\u00e8ces justificatives par courrier \u00e0 l\u2019adresse suivante :<br \/><em><strong>GOURLAY Thomas, 1 Lann Vihan Keriot, 29300 GUILLIGOMARC\u2019H<\/strong><\/em><br \/><span style=\"color: #ff0000;\"><strong>Tout dossier incomplet se verra refuser l\u2019entr\u00e9e e<em>n <\/em>formation<\/strong><\/span><br \/><strong><em>Date limite d\u2019inscription 15 jours avant la formation.<\/em><\/strong><\/p>\n<center><b>\u00a0<a href=\"https:\/\/petanque-crbretagne.com\/wp-content\/uploads\/2025\/09\/Formulaire-inscription-GTM.pdf\"><button>Formulaire d&rsquo;inscription GTM<\/button><\/a> <a href=\"https:\/\/petanque-crbretagne.com\/wp-content\/uploads\/2025\/09\/FORMULAIRE-INSCRIPTION-DELEGUE-PRESIDENT-DE-JURY-v27062025.pdf\"><button>Formulaire d&rsquo;inscription d\u00e9l\u00e9gu\u00e9\/pr\u00e9sident de jury<\/button><\/a><\/b><\/center><hr style=\"height: 12px; color: #3498db; width: 100%; background-color: #3498db;\" \/>\n<h3><em><strong><span style=\"color: #0000ff;\">GESTIONNAIRE DE TABLE DE MARQUE<br \/><\/span><\/strong><\/em><\/h3>\n<table style=\"width: 980px;\">\n<tbody>\n<tr>\n<td style=\"width: 200px;\"><img loading=\"lazy\" decoding=\"async\" class=\"size-full wp-image-3704 vertical-align: middle\" src=\"https:\/\/petanque-crbretagne.com\/wp-content\/uploads\/2025\/07\/Module_Vie_F_C.png\" alt=\"\" width=\"175\" height=\"113\" \/><\/td>\n<td style=\"width: 100px;\">\u00a0\u00a0\u00a0\u00a0\u00a0 <img loading=\"lazy\" decoding=\"async\" class=\"size-full wp-image-3720 alignnone\" src=\"https:\/\/petanque-crbretagne.com\/wp-content\/uploads\/2025\/07\/Fleche-droite-bleue.png\" alt=\"\" width=\"50\" height=\"112\" \/><\/td>\n<td style=\"width: 290px;\"><img loading=\"lazy\" decoding=\"async\" class=\"alignnone wp-image-3805\" src=\"https:\/\/petanque-crbretagne.com\/wp-content\/uploads\/2025\/07\/Off1.jpg\" alt=\"\" width=\"278\" height=\"100\" \/><\/td>\n<td style=\"width: 100px;\">\u00a0\u00a0\u00a0\u00a0\u00a0 <img loading=\"lazy\" decoding=\"async\" class=\"wp-image-3701 vertical-align: middle alignnone\" src=\"https:\/\/petanque-crbretagne.com\/wp-content\/uploads\/2025\/07\/Fleche-droite-bleue.png\" alt=\"\" width=\"50\" height=\"50\" \/><\/td>\n<td style=\"width: 290px;\"><img loading=\"lazy\" decoding=\"async\" class=\"alignnone wp-image-3806\" src=\"https:\/\/petanque-crbretagne.com\/wp-content\/uploads\/2025\/07\/Off2.jpg\" alt=\"\" width=\"279\" height=\"97\" \/><\/td>\n<\/tr>\n<\/tbody>\n<\/table>\n<p>En tant qu\u2019officiel repr\u00e9sentant la f\u00e9d\u00e9ration, le gestionnaire de table de marque est charg\u00e9 de veiller \u00e0 l\u2019application de la r\u00e9glementation f\u00e9d\u00e9rale.<br \/>Il doit \u00e9galement veiller au bon d\u00e9roulement de la comp\u00e9tition sur laquelle il officie, \u00e0 ce titre, il est responsable de :<\/p>\n<ul>\n<li>La cr\u00e9ation de la comp\u00e9tition et la gestion des inscriptions ;<\/li>\n<li>La conformit\u00e9 du tirage de la comp\u00e9tition ;<\/li>\n<li>L\u2019enregistrement et le contr\u00f4le des licences ;<\/li>\n<li>Lancement de la comp\u00e9tition et gestion des r\u00e9sultats ;<\/li>\n<li>La r\u00e9partition des terrains et du suivi des tours de comp\u00e9tition ;<\/li>\n<li>La cl\u00f4ture de la comp\u00e9tition et de la transmission des r\u00e9sultats au Pr\u00e9sident de Jury.<\/li>\n<\/ul>\n<p>Le gestionnaire de table de marque doit, pour mener \u00e0 bien sa mission, utiliser le logiciel f\u00e9d\u00e9ral obligatoire.<\/p>\n<h4>\u00a0<\/h4>\n<h4><strong><em><span style=\"color: #0000ff;\">Agr\u00e9ment niveau 1 :<\/span><\/em><\/strong><\/h4>\n<p><strong>le gestionnaire de table de marque niveau 1 peut officier dans le cadre des comp\u00e9titions cit\u00e9es ci-dessous :<\/strong><\/p>\n<ul>\n<li>Par poule de 4\/ED<\/li>\n<li>Par poule de 3\/ED<\/li>\n<li>Par poule de 4\/A-B (sans r\u00e9cup\u00e9ration du A vers B)<\/li>\n<li>Par poule de 3\/A-B (sans r\u00e9cup\u00e9ration du A vers B)<\/li>\n<li>Par poule de 4\/A-B (avec r\u00e9cup\u00e9ration des perdants 1TA au cadrage du B)<\/li>\n<li>Par poule de 3\/A-B (avec r\u00e9cup\u00e9ration des perdants 1TA au cadrage du B)<\/li>\n<li>Par groupe A-B-C<\/li>\n<li>Descente directe \/ 1 concours (type nationaux 1 concours)<\/li>\n<li>Concours A-B-C<\/li>\n<li>Concours A-B<\/li>\n<li>Concours A-B-C (sans r\u00e9cup\u00e9ration)<\/li>\n<li>Concours A-B (sans r\u00e9cup\u00e9ration)<\/li>\n<li>Concours 3 \u00e0 7 parties GG<\/li>\n<li>Concours 3 \u00e0 10 parties<\/li>\n<li>Concours 3 \u00e0 5 parties strict<\/li>\n<\/ul>\n<h4><strong><em><span style=\"color: #0000ff;\">Agr\u00e9ment niveau 2 :<\/span><\/em><\/strong><\/h4>\n<p><strong>le gestionnaire de table de marque niveau 2 peut officier dans le cadre de l\u2019ensemble des comp\u00e9titions f\u00e9d\u00e9rales.<\/strong><\/p>\n<ul>\n<li>Par poule puis pr\u00e9qualification (choix du nombre de qualifi\u00e9)<\/li>\n<li>Descente directe \/ 1 concours (pr\u00e9qualifications \u2013 choix du nombre de qualifi\u00e9s)<\/li>\n<li>Championnat de France jeunes \/ Groupe de 6 et Avenir<\/li>\n<li>Qualificatif CT 20\/24 : Groupe 6<\/li>\n<li>Championnat de France Jeunes \/ SWISS System et Avenir<\/li>\n<li>Concours 3 \u00e0 7 parties GG \/ SWISS System<\/li>\n<li>Championnat des clubs tous niveaux<\/li>\n<li>Coupe de France<\/li>\n<\/ul>\n<center><b><a href=\"https:\/\/petanque-crbretagne.com\/wp-content\/uploads\/2025\/07\/2-PLAN-DE-FORMATION-GESTIONNAIRE-TABLE-DE-MARQUE-NIVEAU-2-v27062025.pdf\"><button><b>Plan de formation<\/b><\/button><\/a><\/b><\/center><hr style=\"height: 12px; color: #3498db; width: 100%; background-color: #3498db;\" \/>\n<h3><em><strong><span style=\"color: #0000ff;\">D\u00c9L\u00c9GU\u00c9 &#8211; PR\u00c9SIDENT DE JURY<br \/><\/span><\/strong><\/em><\/h3>\n<table style=\"width: 980px;\">\n<tbody>\n<tr>\n<td style=\"width: 200px;\"><img loading=\"lazy\" decoding=\"async\" class=\"size-full wp-image-3704 vertical-align: middle\" src=\"https:\/\/petanque-crbretagne.com\/wp-content\/uploads\/2025\/07\/Module_Vie_F_C.png\" alt=\"\" width=\"175\" height=\"113\" \/><\/td>\n<td style=\"width: 100px;\">\u00a0\u00a0\u00a0\u00a0\u00a0 <img loading=\"lazy\" decoding=\"async\" class=\"size-full wp-image-3720 alignnone\" src=\"https:\/\/petanque-crbretagne.com\/wp-content\/uploads\/2025\/07\/Fleche-droite-bleue.png\" alt=\"\" width=\"50\" height=\"112\" \/><\/td>\n<td style=\"width: 290px;\"><img loading=\"lazy\" decoding=\"async\" class=\"alignnone wp-image-3804\" src=\"https:\/\/petanque-crbretagne.com\/wp-content\/uploads\/2025\/07\/Off3.jpg\" alt=\"\" width=\"273\" height=\"95\" \/><\/td>\n<td style=\"width: 100px;\">\u00a0<\/td>\n<td style=\"width: 290px;\">\u00a0<\/td>\n<\/tr>\n<\/tbody>\n<\/table>\n<p>Les pr\u00e9rogatives de l\u2019agr\u00e9ment d\u00e9l\u00e9gu\u00e9-pr\u00e9sident de jury sont inscrites dans le r\u00e8glement administratif et sportif, se r\u00e9f\u00e9rer au R.A.S. pour les d\u00e9tails.<br \/>En tant qu\u2019officiel repr\u00e9sentant la f\u00e9d\u00e9ration, il est charg\u00e9 de pr\u00e9sider le jury et d\u2019en faire appliquer les d\u00e9cisions. Il est responsable de tous les aspects sportifs de la comp\u00e9tition, mais n&rsquo;est pas responsable des aspects logistiques de la comp\u00e9tition : environnement et organisation g\u00e9n\u00e9rale (qui incombe \u00e0 l\u2019organisateur).<br \/>Il supervise l\u2019ensemble de la comp\u00e9tition dont il a la charge dans le respect des r\u00e8glements f\u00e9d\u00e9raux, en relation avec l\u2019organisateur, le corps arbitral, le(s) gestionnaire(s) de table de marque, les responsables d\u2019\u00e9quipe et les encadrants d\u2019\u00e9quipe.<br \/>Il v\u00e9rifiera la composition du jury, le montant et la r\u00e9partition des indemnit\u00e9s, ainsi que le d\u00e9p\u00f4t des licences qui ne devront \u00eatre rendues aux joueurs qu&rsquo;apr\u00e8s leur \u00e9limination (voir r\u00f4le du d\u00e9l\u00e9gu\u00e9 sur le \u00ab portail \u00bb de la FFPJP).<\/p>\n<h4>\u00a0<\/h4>\n<p><strong>Il est responsable de :<\/strong><\/p>\n<ul>\n<li><strong><em>Avant la comp\u00e9tition de :<\/em><\/strong>\n<ul>\n<li>&#8211; Composer et rassembler le jury<\/li>\n<li>&#8211; Contr\u00f4ler la conformit\u00e9 r\u00e9glementaire de la comp\u00e9tition<\/li>\n<li>&#8211; Contr\u00f4ler les installations<\/li>\n<\/ul>\n<\/li>\n<li><em><strong>Au d\u00e9part de la comp\u00e9tition :<\/strong><\/em>\n<ul>\n<li>&#8211; Contr\u00f4ler la conformit\u00e9 des \u00e9quipes et des tenues<\/li>\n<\/ul>\n<\/li>\n<li><em><strong>Pendant :<\/strong><\/em>\n<ul>\n<li>&#8211; Contr\u00f4ler le respect de la r\u00e9glementation<\/li>\n<li>&#8211; Contr\u00f4ler le respect des horaires<\/li>\n<li>&#8211; R\u00e9unir le jury lorsque la situation le demande<\/li>\n<li>&#8211; Repr\u00e9senter l\u2019institution f\u00e9d\u00e9rale<\/li>\n<li>&#8211; Assurer la s\u00e9curit\u00e9 des donn\u00e9es de gestion concours et des licences<\/li>\n<li>&#8211; Contr\u00f4ler les installations<\/li>\n<li>&#8211; Superviser le protocole<\/li>\n<\/ul>\n<\/li>\n<li><em><strong>Apr\u00e8s :<\/strong><\/em>\n<ul>\n<li>&#8211; R\u00e9diger les comptes-rendus, rapports et proc\u00e8s-verbal inh\u00e9rents \u00e0 la manifestation<\/li>\n<li>&#8211; Communiquer aux instances officielles l\u2019ensemble des \u00e9l\u00e9ments de la manifestation<\/li>\n<\/ul>\n<\/li>\n<\/ul>\n<center><b><a href=\"https:\/\/petanque-crbretagne.com\/wp-content\/uploads\/2025\/07\/2-PLAN-DE-FORMATION-DELEGUE-PRESIDENT-DE-JURY-v27062025.pdf\"><button><b>Plan de formation<\/b><\/button><\/a><\/b><\/center><hr style=\"height: 12px; color: #3498db; width: 100%; background-color: #3498db;\" \/>\n<p>\u00a0<\/p>\n\n<\/p>\n<p><\/p><!-- \/wp:post-content -->","protected":false},"excerpt":{"rendered":"<p>L\u2019\u00e9quipe technique r\u00e9gionale met en place une nouvelle session de formation d\u00e9l\u00e9gu\u00e9 et gestionnaire de table de marque pour l\u2019ann\u00e9e<\/p>\n","protected":false},"author":2,"featured_media":0,"parent":0,"menu_order":0,"comment_status":"closed","ping_status":"closed","template":"","meta":{"footnotes":""},"class_list":["post-3801","page","type-page","status-publish","hentry"],"_links":{"self":[{"href":"https:\/\/petanque-crbretagne.com\/index.php\/wp-json\/wp\/v2\/pages\/3801","targetHints":{"allow":["GET"]}}],"collection":[{"href":"https:\/\/petanque-crbretagne.com\/index.php\/wp-json\/wp\/v2\/pages"}],"about":[{"href":"https:\/\/petanque-crbretagne.com\/index.php\/wp-json\/wp\/v2\/types\/page"}],"author":[{"embeddable":true,"href":"https:\/\/petanque-crbretagne.com\/index.php\/wp-json\/wp\/v2\/users\/2"}],"replies":[{"embeddable":true,"href":"https:\/\/petanque-crbretagne.com\/index.php\/wp-json\/wp\/v2\/comments?post=3801"}],"version-history":[{"count":79,"href":"https:\/\/petanque-crbretagne.com\/index.php\/wp-json\/wp\/v2\/pages\/3801\/revisions"}],"predecessor-version":[{"id":4265,"href":"https:\/\/petanque-crbretagne.com\/index.php\/wp-json\/wp\/v2\/pages\/3801\/revisions\/4265"}],"wp:attachment":[{"href":"https:\/\/petanque-crbretagne.com\/index.php\/wp-json\/wp\/v2\/media?parent=3801"}],"curies":[{"name":"wp","href":"https:\/\/api.w.org\/{rel}","templated":true}]}}