{"id":7,"date":"2022-07-05T10:52:55","date_gmt":"2022-07-05T08:52:55","guid":{"rendered":"http:\/\/cvgrazh.cluster030.hosting.ovh.net\/?page_id=7"},"modified":"2023-05-24T11:02:13","modified_gmt":"2023-05-24T09:02:13","slug":"creez-votre-site-avec-des-blocs","status":"publish","type":"page","link":"https:\/\/petanque-crbretagne.com\/index.php\/creez-votre-site-avec-des-blocs\/","title":{"rendered":"Cr\u00e9ez votre site avec des blocs"},"content":{"rendered":"\n<div style=\"height:100px\" aria-hidden=\"true\" class=\"wp-block-spacer\"><\/div>\n\n\n\n<div class=\"wp-block-columns is-layout-flex wp-container-core-columns-is-layout-9d6595d7 wp-block-columns-is-layout-flex\">\n<div class=\"wp-block-column is-layout-flow wp-block-column-is-layout-flow\" style=\"flex-basis:33.33%\">\n<figure class=\"wp-block-image size-full\"><img decoding=\"async\" src=\"https:\/\/petanque-crbretagne.com\/wp-content\/uploads\/2022\/07\/site-alimente.jpg\" alt=\"\" class=\"wp-image-112\"\/><\/figure>\n\n\n\n<p class=\"has-vivid-green-cyan-background-color has-background\"><strong>COMPOSITION DU COMIT\u00c9 R\u00c9GIONAL<\/strong><\/p>\n<\/div>\n\n\n\n<div class=\"wp-block-column is-layout-flow wp-block-column-is-layout-flow\" style=\"flex-basis:66.66%\"><\/div>\n<\/div>\n\n\n\n<div class=\"wp-block-group\"><div class=\"wp-block-group__inner-container is-layout-flow wp-block-group-is-layout-flow\">\n<div class=\"wp-block-columns is-layout-flex wp-container-core-columns-is-layout-9d6595d7 wp-block-columns-is-layout-flex\">\n<div class=\"wp-block-column is-layout-flow wp-block-column-is-layout-flow\" style=\"flex-basis:100%\">\n<div class=\"wp-block-columns are-vertically-aligned-center is-style-twentytwentyone-columns-overlap is-layout-flex wp-container-core-columns-is-layout-9d6595d7 wp-block-columns-is-layout-flex\">\n<div class=\"wp-block-column is-vertically-aligned-center is-layout-flow wp-block-column-is-layout-flow\">\n<figure class=\"wp-block-image size-full\"><img decoding=\"async\" src=\"https:\/\/petanque-crbretagne.com\/wp-content\/uploads\/2022\/07\/Copie-organigramme-1.jpg\" alt=\"\" class=\"wp-image-114\"\/><\/figure>\n\n\n\n<div style=\"height:0px\" aria-hidden=\"true\" class=\"wp-block-spacer\"><\/div>\n<\/div>\n\n\n\n<div class=\"wp-block-column is-vertically-aligned-center is-layout-flow wp-block-column-is-layout-flow\">\n<div style=\"height:100px\" aria-hidden=\"true\" class=\"wp-block-spacer\"><\/div>\n<\/div>\n<\/div>\n<\/div>\n<\/div>\n<\/div><\/div>\n\n\n\n<p>LIENS UTILES :<\/p>\n\n\n\n<p><a href=\"https:\/\/www.ffpjp.org\/index.php\" data-type=\"URL\" data-id=\"https:\/\/www.ffpjp.org\/index.php\">FFPJP <\/a><\/p>\n\n\n\n<p><a href=\"http:\/\/www.cd22petanque.fr\" data-type=\"URL\" data-id=\"www.cd22petanque.fr\">CD22<\/a><\/p>\n\n\n\n<p><a href=\"http:\/\/www.petanque-finistere.fr\/\">CD29<\/a><\/p>\n\n\n\n<p><a href=\"https:\/\/www.petanquejp35.fr\/\">CD35<\/a><\/p>\n\n\n\n<p><a href=\"https:\/\/championnats-ffpjp.com\/\" data-type=\"URL\" data-id=\"https:\/\/championnats-ffpjp.com\/\">Championnats de FRANCE<\/a><\/p>\n\n\n\n<p><a href=\"https:\/\/www.ffpjp.org\/cnc\/\">Championnats des Clubs<\/a><\/p>\n\n\n\n<p><\/p>\n\n\n\n<h2 class=\"wp-block-heading alignwide has-text-align-wide has-gigantic-font-size\" style=\"line-height:1.1\">Cr\u00e9ez votre site avec des blocs<\/h2>\n\n\n\n<div style=\"height:50px\" aria-hidden=\"true\" class=\"wp-block-spacer\"><\/div>\n\n\n\n<div class=\"wp-block-columns alignwide are-vertically-aligned-top is-layout-flex wp-container-core-columns-is-layout-9d6595d7 wp-block-columns-is-layout-flex\">\n<div class=\"wp-block-column is-vertically-aligned-top is-layout-flow wp-block-column-is-layout-flow\">\n<h3 class=\"wp-block-heading\">Ajouter des compositions de blocs<\/h3>\n\n\n\n<p>Les compositions de blocs sont des groupes de blocs pr\u00e9-con\u00e7us. Pour en ajouter un, s\u00e9lectionnez le bouton Ajouter un bloc [+] dans la barre d\u2019outils en haut de l\u2019\u00e9diteur. Passez \u00e0 l\u2019onglet Compositions sous la barre de recherche, et choisissez une composition.<\/p>\n<\/div>\n\n\n\n<div class=\"wp-block-column is-vertically-aligned-top is-layout-flow wp-block-column-is-layout-flow\">\n<h3 class=\"wp-block-heading\">Encadrez vos images<\/h3>\n\n\n\n<p>Twenty Twenty-One inclut de sublimes bordures pour votre contenu. Avec un bloc d\u2019image s\u00e9lectionn\u00e9, ouvrez le panneau \u00ab&nbsp;Styles&nbsp;\u00bb dans la barre lat\u00e9rale de l\u2019\u00e9diteur. S\u00e9lectionnez le style de bloc \u00ab&nbsp;Cadre&nbsp;\u00bb pour l\u2019activer.<\/p>\n<\/div>\n\n\n\n<div class=\"wp-block-column is-vertically-aligned-top is-layout-flow wp-block-column-is-layout-flow\">\n<h3 class=\"wp-block-heading\">Colonnes se chevauchant<\/h3>\n\n\n\n<p>Twenty Twenty-One inclut \u00e9galement un style \u00ab&nbsp;chevauchement&nbsp;\u00bb pour le bloc colonnes. S\u00e9lectionnez un bloc colonnes puis ouvrez le panneau \u00ab&nbsp;styles&nbsp;\u00bb dans la barre lat\u00e9rale de l\u2019\u00e9diteur. S\u00e9lectionnez le style de bloc \u00ab&nbsp;chevauchement&nbsp;\u00bb pour l\u2019essayer.<\/p>\n<\/div>\n<\/div>\n\n\n\n<div style=\"height:100px\" aria-hidden=\"true\" class=\"wp-block-spacer\"><\/div>\n\n\n\n<div class=\"wp-block-cover alignwide is-light is-style-twentytwentyone-border\"><span aria-hidden=\"true\" class=\"wp-block-cover__background has-green-background-color has-background-dim-100 has-background-dim\"><\/span><div class=\"wp-block-cover__inner-container is-layout-flow wp-block-cover-is-layout-flow\">\n<div style=\"height:121px\" aria-hidden=\"true\" class=\"wp-block-spacer\"><\/div>\n\n\n\n<p class=\"has-huge-font-size\">Besoin d\u2019aide&nbsp;?<\/p>\n\n\n\n<div style=\"height:75px\" aria-hidden=\"true\" class=\"wp-block-spacer\"><\/div>\n\n\n\n<div class=\"wp-block-columns is-layout-flex wp-container-core-columns-is-layout-9d6595d7 wp-block-columns-is-layout-flex\">\n<div class=\"wp-block-column is-layout-flow wp-block-column-is-layout-flow\">\n<p><a href=\"https:\/\/wordpress.org\/support\/article\/twenty-twenty-one\/\">Lire la documentation du th\u00e8me<\/a><\/p>\n<\/div>\n\n\n\n<div class=\"wp-block-column is-layout-flow wp-block-column-is-layout-flow\">\n<p><a href=\"https:\/\/wordpress.org\/support\/theme\/twentytwentyone\/\">Consulter les forums de support<\/a><\/p>\n<\/div>\n<\/div>\n\n\n\n<div style=\"height:20px\" aria-hidden=\"true\" class=\"wp-block-spacer\"><\/div>\n<\/div><\/div>\n\n\n\n\n\n<p><\/p>\n","protected":false},"excerpt":{"rendered":"<p>COMPOSITION DU COMIT\u00c9 R\u00c9GIONAL LIENS UTILES : FFPJP CD22 CD29 CD35 Championnats de FRANCE Championnats des Clubs Cr\u00e9ez votre site<\/p>\n","protected":false},"author":1,"featured_media":0,"parent":0,"menu_order":0,"comment_status":"closed","ping_status":"closed","template":"","meta":{"footnotes":""},"class_list":["post-7","page","type-page","status-publish","hentry"],"_links":{"self":[{"href":"https:\/\/petanque-crbretagne.com\/index.php\/wp-json\/wp\/v2\/pages\/7","targetHints":{"allow":["GET"]}}],"collection":[{"href":"https:\/\/petanque-crbretagne.com\/index.php\/wp-json\/wp\/v2\/pages"}],"about":[{"href":"https:\/\/petanque-crbretagne.com\/index.php\/wp-json\/wp\/v2\/types\/page"}],"author":[{"embeddable":true,"href":"https:\/\/petanque-crbretagne.com\/index.php\/wp-json\/wp\/v2\/users\/1"}],"replies":[{"embeddable":true,"href":"https:\/\/petanque-crbretagne.com\/index.php\/wp-json\/wp\/v2\/comments?post=7"}],"version-history":[{"count":5,"href":"https:\/\/petanque-crbretagne.com\/index.php\/wp-json\/wp\/v2\/pages\/7\/revisions"}],"predecessor-version":[{"id":796,"href":"https:\/\/petanque-crbretagne.com\/index.php\/wp-json\/wp\/v2\/pages\/7\/revisions\/796"}],"wp:attachment":[{"href":"https:\/\/petanque-crbretagne.com\/index.php\/wp-json\/wp\/v2\/media?parent=7"}],"curies":[{"name":"wp","href":"https:\/\/api.w.org\/{rel}","templated":true}]}}